{"id":4590,"date":"2025-07-26T21:21:10","date_gmt":"2025-07-26T19:21:10","guid":{"rendered":"https:\/\/kloepfel.sempre-diritto.de\/?page_id=4590"},"modified":"2025-08-19T16:02:35","modified_gmt":"2025-08-19T14:02:35","slug":"mentions-legales","status":"publish","type":"page","link":"https:\/\/kloepfel-consulting.com\/fr\/impressum\/","title":{"rendered":"Mentions l\u00e9gales"},"content":{"rendered":"<div data-elementor-type=\"wp-page\" data-elementor-id=\"4590\" class=\"elementor elementor-4590\" data-elementor-post-type=\"page\">\n\t\t\t\t<div class=\"elementor-element elementor-element-8d6934f padlr padtbs kl-subhead divider-white-bottom kl-lp-header e-flex e-con-boxed e-con e-parent\" data-id=\"8d6934f\" data-element_type=\"container\" data-e-type=\"container\" data-settings=\"{&quot;background_background&quot;:&quot;classic&quot;}\">\n\t\t\t\t\t<div class=\"e-con-inner\">\n\t\t<div class=\"elementor-element elementor-element-e1b7656 e-con-full left-container e-flex e-con e-child\" data-id=\"e1b7656\" data-element_type=\"container\" data-e-type=\"container\" data-settings=\"{&quot;background_background&quot;:&quot;classic&quot;}\">\n\t\t\t\t<div class=\"elementor-element elementor-element-6a2f0a0 elementor-widget__width-initial lp-header-h elementor-widget elementor-widget-heading\" data-id=\"6a2f0a0\" data-element_type=\"widget\" data-e-type=\"widget\" data-widget_type=\"heading.default\">\n\t\t\t\t\t<h1 class=\"elementor-heading-title elementor-size-default\">Mentions l\u00e9gales<\/h1>\t\t\t\t<\/div>\n\t\t\t\t<\/div>\n\t\t\t\t\t<\/div>\n\t\t\t\t<\/div>\n\t\t<div class=\"elementor-element elementor-element-e24b961 padtbs padlr e-flex e-con-boxed e-con e-parent\" data-id=\"e24b961\" data-element_type=\"container\" data-e-type=\"container\" data-settings=\"{&quot;background_background&quot;:&quot;classic&quot;}\">\n\t\t\t\t\t<div class=\"e-con-inner\">\n\t\t\t\t<div class=\"elementor-element elementor-element-d5a0440 elementor-widget__width-initial bodyfont elementor-widget elementor-widget-text-editor\" data-id=\"d5a0440\" data-element_type=\"widget\" data-e-type=\"widget\" data-widget_type=\"text-editor.default\">\n\t\t\t\t\t\t\t\t\t<p><strong>Kloepfel Consulting GmbH<\/strong><br \/>Cecilienallee 6-7<br \/>40474 D\u00fcsseldorf<br \/>Allemagne<\/p><p><strong>Contact :<\/strong><br \/>T\u00e9l. : +49-211-875 453 23<br \/>Fax : +49-211-882-594-20<\/p><p><strong>Courriel :<\/strong> rendite@kloepfel-consulting.com<\/p><p><strong>Comptabilit\u00e9<\/strong> buchhaltung@kloepfel-consulting.com<\/p><p>N\u00b0 de TVA : DE254132249<br \/>Num\u00e9ro de registre du commerce : HRB 55799<br \/>Tribunal de commerce\u00a0: Tribunal d'instance de D\u00fcsseldorf<\/p><p><strong>Directeur g\u00e9n\u00e9ral<\/strong> Marc Kloepfel, Duran Sarikaya<\/p><p>Responsable du contenu selon \u00a7 55 al. 2 RStV :<\/p><p>Marc Kloepfel<br \/>Kloepfel Consulting GmbH<br \/>Cecilienallee 6-7<br \/>40474 D\u00fcsseldorf<br \/>Allemagne<\/p><p><strong>Contact :<\/strong><br \/>T\u00e9l. : +49-211-875 453 23<br \/>Fax : +49-211-882-594-20<\/p><p><strong>Kloepfel Consulting GmbH<\/strong><br \/><strong>Autriche<\/strong><\/p><p>Kagraner Platz 1-4\/ Top 36<br \/>A-1220 Vienne<br \/>Autriche<\/p><p><strong>Direction<\/strong> Marc Kloepfel, Thomas Wandler<\/p><p><strong>Registre du commerce\u00a0:<\/strong><br \/>Vienne<br \/>Num\u00e9ro d'entreprise FN 345985b<br \/>N\u00b0 d'art. 12 611\/4511<br \/>ID utilisateur : ATU65791949<\/p><p><strong>Autorit\u00e9 de surveillance<\/strong> Bureau du Magistrat du district de Vienne, 22e arrondissement<br \/>Membre de la Chambre de Commerce de Vienne<\/p><p><strong>Courrier \u00e9lectronique :<\/strong> t.wandler@kloepfel-group.com<br \/>T\u00e9l : +43 1 953 77 11<br \/>Fax : +43 1 953 77 12<\/p><p>Cr\u00e9dits photo<br \/>Toutes les images de fotolia.com ont \u00e9t\u00e9 acquises l\u00e9galement et sont utilis\u00e9es par Kloepfel Consulting GmbH dans le respect du droit des licences \u00e0 des fins \u00e9ditoriales.<br \/>\u00a9 Saklakova \/ Fotolia<br \/>\u00a9 Petinovs \/ Fotolia<br \/>\u00a9 scaliger \/ Fotolia<br \/>\u00a9 v.poth \/ Fotolia<br \/>\u00a9 euregiocontent \/ Fotolia<br \/>\u00a9 anawat_s \/ Fotolia<br \/>\u00a9 nonnie192 \/ Fotolia<br \/>\u00a9 bernardbodo \/ Fotolia<br \/>\u00a9 Gorodenkoff \/ Fotolia<br \/>\u00a9 arsdigital \/ Fotolia<br \/>\u00a9 industrieblick \/ Fotolia<br \/>\u00a9 zhu difeng \/ Fotolia<br \/>\u00a9 Hoda Bogdan \/ Fotolia<br \/>\u00a9 antonmatveev \/ Fotolia<br \/>\u00a9 kamonrat \/ Fotolia<br \/>\u00a9 vege \/ Fotolia<br \/>\u00a9 Coloures-Pic \/ Fotolia<\/p><p>Clause de non-responsabilit\u00e9 \u2013 Mentions l\u00e9gales<\/p><p>1. Limitation de responsabilit\u00e9<br \/>Les contenus de ce site web sont cr\u00e9\u00e9s avec le plus grand soin possible. Cependant, le fournisseur ne garantit pas l'exactitude, l'exhaustivit\u00e9 et l'actualit\u00e9 des contenus fournis. L'utilisation des contenus du site web se fait aux propres risques de l'utilisateur. Les contributions sign\u00e9es refl\u00e8tent l'opinion de l'auteur respectif et pas toujours celle du fournisseur. La simple utilisation du site web du fournisseur n'entra\u00eene aucune relation contractuelle entre l'utilisateur et le fournisseur.<\/p><p>2. Liens externes<br \/>Ce site web contient des liens vers des sites web de tiers (\u201e liens externes \u201c). Ces sites web sont soumis \u00e0 la responsabilit\u00e9 de leurs exploitants respectifs. Lors de la premi\u00e8re connexion aux liens externes, le fournisseur a v\u00e9rifi\u00e9 que le contenu \u00e9tranger ne pr\u00e9sentait pas d'infractions l\u00e9gales. \u00c0 ce moment-l\u00e0, aucune infraction l\u00e9gale n'\u00e9tait apparente. Le fournisseur n'a aucune influence sur la conception actuelle et future ni sur le contenu des pages li\u00e9es. La mise en place de liens externes ne signifie pas que le fournisseur s'approprie le contenu qui se trouve derri\u00e8re la r\u00e9f\u00e9rence ou le lien. Un contr\u00f4le permanent des liens externes n'est pas raisonnable pour le fournisseur sans indications concr\u00e8tes d'infractions l\u00e9gales. En cas de connaissance d'infractions l\u00e9gales, de tels liens externes seront imm\u00e9diatement supprim\u00e9s.<\/p><p>3. Droits d'auteur et droits voisins<br \/>Les contenus publi\u00e9s sur ce site sont soumis au droit d'auteur et au droit voisin du droit d'auteur allemands. Toute exploitation non autoris\u00e9e par le droit d'auteur et le droit voisin du droit d'auteur allemands n\u00e9cessite l'accord \u00e9crit pr\u00e9alable du fournisseur ou du titulaire des droits respectifs. Ceci s'applique en particulier \u00e0 la reproduction, la modification, la traduction, le stockage, le traitement ou la diffusion de contenus dans des bases de donn\u00e9es ou d'autres m\u00e9dias et syst\u00e8mes \u00e9lectroniques. Les contenus et les droits de tiers sont indiqu\u00e9s comme tels. La reproduction ou la transmission non autoris\u00e9e de contenus individuels ou de pages enti\u00e8res n'est pas autoris\u00e9e et est passible de poursuites judiciaires. Seule la r\u00e9alisation de copies et de t\u00e9l\u00e9chargements pour un usage personnel, priv\u00e9 et non commercial est autoris\u00e9e.<\/p><p>L'affichage de ce site Web dans des cadres \u00e9trangers n'est autoris\u00e9 qu'avec une autorisation \u00e9crite.<\/p><p>4. <a href=\"\/fr\/protection-des-donnees\/\">Protection des donn\u00e9es<\/a><\/p><p>5. Conditions d'utilisation particuli\u00e8res<br \/>Dans la mesure o\u00f9 des conditions particuli\u00e8res pour des utilisations individuelles de ce site web d\u00e9rogent aux points 1 \u00e0 4 susmentionn\u00e9s, il en sera express\u00e9ment fait mention \u00e0 l'endroit appropri\u00e9. Dans ce cas, les conditions d'utilisation particuli\u00e8res s'appliquent au cas par cas.<\/p><p>Clause de non-responsabilit\u00e9 de www.Juraforum.de \u2013 Portail juridique et www.connektar.de.<\/p>\t\t\t\t\t\t\t\t<\/div>\n\t\t\t\t\t<\/div>\n\t\t\t\t<\/div>\n\t\t\t\t<\/div>","protected":false},"excerpt":{"rendered":"<p>Kloepfel Consulting GmbH Cecilienallee 6-7 40474 D\u00fcsseldorf Deutschland Kontakt: Tel.: +49-211-875 453 23 Fax: +49-211-882-594-20 Mail: rendite@kloepfel-consulting.com Buchhaltung: buchhaltung@kloepfel-consulting.com USt.-IdNr.: DE254132249 Handelsregister-Nr.: HRB 55799 Handelsregister-Gericht: Amtsgericht D\u00fcsseldorf Gesch\u00e4ftsf\u00fchrer: Marc Kloepfel, Duran Sarikaya Inhaltlich Verantwortlicher gem\u00e4\u00df \u00a7 55 Abs. 2 RStV: Marc Kloepfel Kloepfel Consulting GmbH Cecilienallee 6-7 40474 D\u00fcsseldorf Deutschland Kontakt: Tel.: +49-211-875 453 23 [&hellip;]<\/p>\n","protected":false},"author":2,"featured_media":11892,"parent":0,"menu_order":3,"comment_status":"closed","ping_status":"closed","template":"","meta":{"_acf_changed":false,"footnotes":""},"referenzkategorie":[],"class_list":["post-4590","page","type-page","status-publish","has-post-thumbnail","hentry"],"acf":[],"yoast_head":"<!-- This site is optimized with the Yoast SEO Premium plugin v27.4 (Yoast SEO v27.4) - https:\/\/yoast.com\/product\/yoast-seo-premium-wordpress\/ -->\n<title>Impressum | KLOEPFEL by EPSA<\/title>\n<meta name=\"description\" content=\"Gesetzliche Pflichtangaben zu KLOEPFEL\u202fby\u202fEPSA \u2013 Anschrift, Kontakt und Unternehmens\u00adinformationen.\" \/>\n<meta name=\"robots\" content=\"index, follow, max-snippet:-1, max-image-preview:large, max-video-preview:-1\" \/>\n<link rel=\"canonical\" href=\"https:\/\/kloepfel-consulting.com\/fr\/mentions-legales\/\" \/>\n<meta property=\"og:locale\" content=\"fr_FR\" \/>\n<meta property=\"og:type\" content=\"article\" \/>\n<meta property=\"og:title\" content=\"Impressum | KLOEPFEL by EPSA\" \/>\n<meta property=\"og:description\" content=\"Gesetzliche Pflichtangaben zu KLOEPFEL\u202fby\u202fEPSA \u2013 Anschrift, Kontakt und Unternehmens\u00adinformationen.\" \/>\n<meta property=\"og:url\" content=\"https:\/\/kloepfel-consulting.com\/fr\/mentions-legales\/\" \/>\n<meta property=\"og:site_name\" content=\"KLOEPFEL by EPSA\" \/>\n<meta property=\"article:publisher\" content=\"https:\/\/www.facebook.com\/KloepfelGroup\" \/>\n<meta property=\"article:modified_time\" content=\"2025-08-19T14:02:35+00:00\" \/>\n<meta property=\"og:image\" content=\"https:\/\/kloepfel-consulting.com\/wp-content\/uploads\/2025\/08\/glasstec22_MT8052-scaled-1.jpg\" \/>\n\t<meta property=\"og:image:width\" content=\"2560\" \/>\n\t<meta property=\"og:image:height\" content=\"1707\" \/>\n\t<meta property=\"og:image:type\" content=\"image\/jpeg\" \/>\n<meta name=\"twitter:card\" content=\"summary_large_image\" \/>\n<meta name=\"twitter:label1\" content=\"Dur\u00e9e de lecture estim\u00e9e\" \/>\n\t<meta name=\"twitter:data1\" content=\"4 minutes\" \/>\n<script type=\"application\/ld+json\" class=\"yoast-schema-graph\">{\"@context\":\"https:\\\/\\\/schema.org\",\"@graph\":[{\"@type\":\"WebPage\",\"@id\":\"https:\\\/\\\/kloepfel-consulting.com\\\/impressum\\\/\",\"url\":\"https:\\\/\\\/kloepfel-consulting.com\\\/impressum\\\/\",\"name\":\"Impressum | KLOEPFEL by EPSA\",\"isPartOf\":{\"@id\":\"https:\\\/\\\/kloepfel-consulting.com\\\/#website\"},\"primaryImageOfPage\":{\"@id\":\"https:\\\/\\\/kloepfel-consulting.com\\\/impressum\\\/#primaryimage\"},\"image\":{\"@id\":\"https:\\\/\\\/kloepfel-consulting.com\\\/impressum\\\/#primaryimage\"},\"thumbnailUrl\":\"https:\\\/\\\/kloepfel-consulting.com\\\/wp-content\\\/uploads\\\/2025\\\/08\\\/glasstec22_MT8052-scaled-1.jpg\",\"datePublished\":\"2025-07-26T19:21:10+00:00\",\"dateModified\":\"2025-08-19T14:02:35+00:00\",\"description\":\"Gesetzliche Pflichtangaben zu KLOEPFEL\u202fby\u202fEPSA \u2013 Anschrift, Kontakt und Unternehmens\u00adinformationen.\",\"breadcrumb\":{\"@id\":\"https:\\\/\\\/kloepfel-consulting.com\\\/impressum\\\/#breadcrumb\"},\"inLanguage\":\"fr-FR\",\"potentialAction\":[{\"@type\":\"ReadAction\",\"target\":[\"https:\\\/\\\/kloepfel-consulting.com\\\/impressum\\\/\"]}]},{\"@type\":\"ImageObject\",\"inLanguage\":\"fr-FR\",\"@id\":\"https:\\\/\\\/kloepfel-consulting.com\\\/impressum\\\/#primaryimage\",\"url\":\"https:\\\/\\\/kloepfel-consulting.com\\\/wp-content\\\/uploads\\\/2025\\\/08\\\/glasstec22_MT8052-scaled-1.jpg\",\"contentUrl\":\"https:\\\/\\\/kloepfel-consulting.com\\\/wp-content\\\/uploads\\\/2025\\\/08\\\/glasstec22_MT8052-scaled-1.jpg\",\"width\":2560,\"height\":1707,\"caption\":\"Transparente Wand mit bunten Punkten in einem Ausstellungsraum.\"},{\"@type\":\"BreadcrumbList\",\"@id\":\"https:\\\/\\\/kloepfel-consulting.com\\\/impressum\\\/#breadcrumb\",\"itemListElement\":[{\"@type\":\"ListItem\",\"position\":1,\"name\":\"Startseite\",\"item\":\"https:\\\/\\\/kloepfel-consulting.com\\\/\"},{\"@type\":\"ListItem\",\"position\":2,\"name\":\"Impressum\"}]},{\"@type\":\"WebSite\",\"@id\":\"https:\\\/\\\/kloepfel-consulting.com\\\/#website\",\"url\":\"https:\\\/\\\/kloepfel-consulting.com\\\/\",\"name\":\"KLOEPFEL by EPSA\",\"description\":\"\",\"publisher\":{\"@id\":\"https:\\\/\\\/kloepfel-consulting.com\\\/#organization\"},\"alternateName\":\"KLOEPFELbyEPSA\",\"potentialAction\":[{\"@type\":\"SearchAction\",\"target\":{\"@type\":\"EntryPoint\",\"urlTemplate\":\"https:\\\/\\\/kloepfel-consulting.com\\\/?s={search_term_string}\"},\"query-input\":{\"@type\":\"PropertyValueSpecification\",\"valueRequired\":true,\"valueName\":\"search_term_string\"}}],\"inLanguage\":\"fr-FR\"},{\"@type\":\"Organization\",\"@id\":\"https:\\\/\\\/kloepfel-consulting.com\\\/#organization\",\"name\":\"KLOEPFEL by EPSA\",\"alternateName\":\"KLOEPFELbyEPSA\",\"url\":\"https:\\\/\\\/kloepfel-consulting.com\\\/\",\"logo\":{\"@type\":\"ImageObject\",\"inLanguage\":\"fr-FR\",\"@id\":\"https:\\\/\\\/kloepfel-consulting.com\\\/#\\\/schema\\\/logo\\\/image\\\/\",\"url\":\"https:\\\/\\\/kloepfel-consulting.com\\\/wp-content\\\/uploads\\\/2025\\\/04\\\/logo.webp\",\"contentUrl\":\"https:\\\/\\\/kloepfel-consulting.com\\\/wp-content\\\/uploads\\\/2025\\\/04\\\/logo.webp\",\"width\":616,\"height\":284,\"caption\":\"KLOEPFEL by EPSA\"},\"image\":{\"@id\":\"https:\\\/\\\/kloepfel-consulting.com\\\/#\\\/schema\\\/logo\\\/image\\\/\"},\"sameAs\":[\"https:\\\/\\\/www.facebook.com\\\/KloepfelGroup\",\"https:\\\/\\\/www.linkedin.com\\\/company\\\/kloepfel-consulting-gmbh\",\"https:\\\/\\\/www.instagram.com\\\/kloepfel_by_epsa\\\/\"],\"description\":\"Einkaufsberatung f\u00fcr Einkauf, Logistik und Supply Chain\",\"email\":\"info@kloepfel-consulting.com\",\"telephone\":\"+4921194198433\",\"legalName\":\"Kloepfel Consulting GmbH\",\"foundingDate\":\"2007-02-01\",\"vatID\":\"DE254132249\",\"numberOfEmployees\":{\"@type\":\"QuantitativeValue\",\"minValue\":\"51\",\"maxValue\":\"200\"}}]}<\/script>\n<!-- \/ Yoast SEO Premium plugin. -->","yoast_head_json":{"title":"Mentions l\u00e9gales | KLOEPFEL by EPSA","description":"Mentions l\u00e9gales de KLOEPFEL by EPSA \u2013 Adresse, contact et informations sur l'entreprise.","robots":{"index":"index","follow":"follow","max-snippet":"max-snippet:-1","max-image-preview":"max-image-preview:large","max-video-preview":"max-video-preview:-1"},"canonical":"https:\/\/kloepfel-consulting.com\/fr\/mentions-legales\/","og_locale":"fr_FR","og_type":"article","og_title":"Impressum | KLOEPFEL by EPSA","og_description":"Gesetzliche Pflichtangaben zu KLOEPFEL\u202fby\u202fEPSA \u2013 Anschrift, Kontakt und Unternehmens\u00adinformationen.","og_url":"https:\/\/kloepfel-consulting.com\/fr\/mentions-legales\/","og_site_name":"KLOEPFEL by EPSA","article_publisher":"https:\/\/www.facebook.com\/KloepfelGroup","article_modified_time":"2025-08-19T14:02:35+00:00","og_image":[{"width":2560,"height":1707,"url":"https:\/\/kloepfel-consulting.com\/wp-content\/uploads\/2025\/08\/glasstec22_MT8052-scaled-1.jpg","type":"image\/jpeg"}],"twitter_card":"summary_large_image","twitter_misc":{"Dur\u00e9e de lecture estim\u00e9e":"4 minutes"},"schema":{"@context":"https:\/\/schema.org","@graph":[{"@type":"WebPage","@id":"https:\/\/kloepfel-consulting.com\/impressum\/","url":"https:\/\/kloepfel-consulting.com\/impressum\/","name":"Mentions l\u00e9gales | KLOEPFEL by EPSA","isPartOf":{"@id":"https:\/\/kloepfel-consulting.com\/#website"},"primaryImageOfPage":{"@id":"https:\/\/kloepfel-consulting.com\/impressum\/#primaryimage"},"image":{"@id":"https:\/\/kloepfel-consulting.com\/impressum\/#primaryimage"},"thumbnailUrl":"https:\/\/kloepfel-consulting.com\/wp-content\/uploads\/2025\/08\/glasstec22_MT8052-scaled-1.jpg","datePublished":"2025-07-26T19:21:10+00:00","dateModified":"2025-08-19T14:02:35+00:00","description":"Mentions l\u00e9gales de KLOEPFEL by EPSA \u2013 Adresse, contact et informations sur l'entreprise.","breadcrumb":{"@id":"https:\/\/kloepfel-consulting.com\/impressum\/#breadcrumb"},"inLanguage":"fr-FR","potentialAction":[{"@type":"ReadAction","target":["https:\/\/kloepfel-consulting.com\/impressum\/"]}]},{"@type":"ImageObject","inLanguage":"fr-FR","@id":"https:\/\/kloepfel-consulting.com\/impressum\/#primaryimage","url":"https:\/\/kloepfel-consulting.com\/wp-content\/uploads\/2025\/08\/glasstec22_MT8052-scaled-1.jpg","contentUrl":"https:\/\/kloepfel-consulting.com\/wp-content\/uploads\/2025\/08\/glasstec22_MT8052-scaled-1.jpg","width":2560,"height":1707,"caption":"Transparente Wand mit bunten Punkten in einem Ausstellungsraum."},{"@type":"BreadcrumbList","@id":"https:\/\/kloepfel-consulting.com\/impressum\/#breadcrumb","itemListElement":[{"@type":"ListItem","position":1,"name":"Startseite","item":"https:\/\/kloepfel-consulting.com\/"},{"@type":"ListItem","position":2,"name":"Impressum"}]},{"@type":"WebSite","@id":"https:\/\/kloepfel-consulting.com\/#website","url":"https:\/\/kloepfel-consulting.com\/","name":"KLOEPFEL by EPSA","description":"","publisher":{"@id":"https:\/\/kloepfel-consulting.com\/#organization"},"alternateName":"KLOEPFELbyEPSA","potentialAction":[{"@type":"SearchAction","target":{"@type":"EntryPoint","urlTemplate":"https:\/\/kloepfel-consulting.com\/?s={search_term_string}"},"query-input":{"@type":"PropertyValueSpecification","valueRequired":true,"valueName":"search_term_string"}}],"inLanguage":"fr-FR"},{"@type":"Organization","@id":"https:\/\/kloepfel-consulting.com\/#organization","name":"KLOEPFEL by EPSA","alternateName":"KLOEPFELbyEPSA","url":"https:\/\/kloepfel-consulting.com\/","logo":{"@type":"ImageObject","inLanguage":"fr-FR","@id":"https:\/\/kloepfel-consulting.com\/#\/schema\/logo\/image\/","url":"https:\/\/kloepfel-consulting.com\/wp-content\/uploads\/2025\/04\/logo.webp","contentUrl":"https:\/\/kloepfel-consulting.com\/wp-content\/uploads\/2025\/04\/logo.webp","width":616,"height":284,"caption":"KLOEPFEL by EPSA"},"image":{"@id":"https:\/\/kloepfel-consulting.com\/#\/schema\/logo\/image\/"},"sameAs":["https:\/\/www.facebook.com\/KloepfelGroup","https:\/\/www.linkedin.com\/company\/kloepfel-consulting-gmbh","https:\/\/www.instagram.com\/kloepfel_by_epsa\/"],"description":"Conseil d'achat pour l'approvisionnement, la logistique et la cha\u00eene d'approvisionnement","email":"info@kloepfel-consulting.com","telephone":"+4921194198433","legalName":"Kloepfel Consulting GmbH","foundingDate":"2007-02-01","vatID":"DE254132249","numberOfEmployees":{"@type":"QuantitativeValue","minValue":"51","maxValue":"200"}}]}},"_links":{"self":[{"href":"https:\/\/kloepfel-consulting.com\/fr\/wp-json\/wp\/v2\/pages\/4590","targetHints":{"allow":["GET"]}}],"collection":[{"href":"https:\/\/kloepfel-consulting.com\/fr\/wp-json\/wp\/v2\/pages"}],"about":[{"href":"https:\/\/kloepfel-consulting.com\/fr\/wp-json\/wp\/v2\/types\/page"}],"author":[{"embeddable":true,"href":"https:\/\/kloepfel-consulting.com\/fr\/wp-json\/wp\/v2\/users\/2"}],"replies":[{"embeddable":true,"href":"https:\/\/kloepfel-consulting.com\/fr\/wp-json\/wp\/v2\/comments?post=4590"}],"version-history":[{"count":13,"href":"https:\/\/kloepfel-consulting.com\/fr\/wp-json\/wp\/v2\/pages\/4590\/revisions"}],"predecessor-version":[{"id":12846,"href":"https:\/\/kloepfel-consulting.com\/fr\/wp-json\/wp\/v2\/pages\/4590\/revisions\/12846"}],"wp:featuredmedia":[{"embeddable":true,"href":"https:\/\/kloepfel-consulting.com\/fr\/wp-json\/wp\/v2\/media\/11892"}],"wp:attachment":[{"href":"https:\/\/kloepfel-consulting.com\/fr\/wp-json\/wp\/v2\/media?parent=4590"}],"wp:term":[{"taxonomy":"referenzkategorie","embeddable":true,"href":"https:\/\/kloepfel-consulting.com\/fr\/wp-json\/wp\/v2\/referenzkategorie?post=4590"}],"curies":[{"name":"wp","href":"https:\/\/api.w.org\/{rel}","templated":true}]}}